{"id":66091,"date":"2026-04-17T14:26:29","date_gmt":"2026-04-17T12:26:29","guid":{"rendered":"https:\/\/shop.tombotto.ch\/?post_type=product&#038;p=66091"},"modified":"2026-04-28T13:29:02","modified_gmt":"2026-04-28T11:29:02","slug":"bracelets-tyvek-personnalise-impression-en-couleur-kopie","status":"publish","type":"product","link":"https:\/\/shop.tombotto.ch\/fr\/shop\/bracelets-tyvek-personnalise-impression-en-couleur-kopie\/","title":{"rendered":"Bracelets d\u2019entr\u00e9e Tyvek blancs 255 x 25 mm<br>\u00e0 imprimer soi-m\u00eame"},"content":{"rendered":"<p>Cr\u00e9ez et imprimez vous-m\u00eame vos bracelets d\u2019entr\u00e9e!<\/p>\n<ul>\n<li>Bracelets d\u2019entr\u00e9e \/ Bracelets d\u2019acc\u00e8s blancs<\/li>\n<li>Mati\u00e8re tyvek \u00e0 fermeture adh\u00e9sive<\/li>\n<li>Ind\u00e9chirable, r\u00e9sistant \u00e0 l\u2019eau<\/li>\n<li>Grandeur des bracelets 255 x 19 mm<\/li>\n<li>Feuille de 10 unit\u00e9s, format 255 \u00d7 250 mm<\/li>\n<li>Pas un format A standard, n\u00e9cessite une imprimante A3 ou une impression par 5 pi\u00e8ces<\/li>\n<li>La couleur peut l\u00e9g\u00e8rement d\u00e9teindre en cas d\u2019humidit\u00e9 ou de contact avec l\u2019eau, selon l\u2019encre utilis\u00e9e<\/li>\n<li>Par 100 pi\u00e8ces<\/li>\n<\/ul>\n<p><strong>IMPORTANT:<\/strong> Imprimable uniquement avec une imprimante \u00e0 jet d\u2019encre<\/p>\n","protected":false},"excerpt":{"rendered":"<p>\u00c0 partir de 100 pi\u00e8ces<\/p>\n","protected":false},"featured_media":66153,"template":"","meta":{"_acf_changed":false,"inline_featured_image":false},"product_brand":[],"product_cat":[4615,5398],"product_tag":[],"class_list":{"0":"post-66091","1":"product","2":"type-product","3":"status-publish","4":"has-post-thumbnail","6":"product_cat-bracelets-personnalise","7":"product_cat-creer-soi-meme","9":"first","10":"instock","11":"taxable","12":"shipping-taxable","13":"purchasable","14":"product-type-simple"},"exclude_global_add_ons":[],"addons":[],"acf":[],"yoast_head":"<!-- This site is optimized with the Yoast SEO Premium plugin v27.4 (Yoast SEO v27.5) - https:\/\/yoast.com\/product\/yoast-seo-premium-wordpress\/ -->\n<title>Bracelets d&#039;entr\u00e9e Tyvek \u00e0 personnaliser: Impression en couleur<\/title>\n<meta name=\"description\" content=\"Cr\u00e9ez vos bracelets d&#039;entr\u00e9e directement et facilement gr\u00e2ce \u00e0 notre configurateur en ligne \u2713 Commande possible \u00e0 partir de 100 pi\u00e8ces \u2713 Livraison rapide \u2713 shop.tombotto.ch \u2713\" \/>\n<meta name=\"robots\" content=\"index, follow, max-snippet:-1, max-image-preview:large, max-video-preview:-1\" \/>\n<link rel=\"canonical\" href=\"https:\/\/shop.tombotto.ch\/fr\/shop\/bracelets-tyvek-personnalise-impression-en-couleur-kopie\/\" \/>\n<meta property=\"og:locale\" content=\"fr_FR\" \/>\n<meta property=\"og:type\" content=\"article\" \/>\n<meta property=\"og:title\" content=\"Bracelets d\u2019entr\u00e9e Tyvek blancs 255 x 25 mm\u00e0 imprimer soi-m\u00eame\" \/>\n<meta property=\"og:description\" content=\"Cr\u00e9ez vos bracelets d&#039;entr\u00e9e directement et facilement gr\u00e2ce \u00e0 notre configurateur en ligne \u2713 Commande possible \u00e0 partir de 100 pi\u00e8ces \u2713 Livraison rapide \u2713 shop.tombotto.ch \u2713\" \/>\n<meta property=\"og:url\" content=\"https:\/\/shop.tombotto.ch\/fr\/shop\/bracelets-tyvek-personnalise-impression-en-couleur-kopie\/\" \/>\n<meta property=\"og:site_name\" content=\"Tombotto\" \/>\n<meta property=\"article:modified_time\" content=\"2026-04-28T11:29:02+00:00\" \/>\n<meta property=\"og:image\" content=\"https:\/\/shop.tombotto.ch\/wp-content\/uploads\/2026\/04\/99408-25_01.jpg\" \/>\n\t<meta property=\"og:image:width\" content=\"800\" \/>\n\t<meta property=\"og:image:height\" content=\"678\" \/>\n\t<meta property=\"og:image:type\" content=\"image\/jpeg\" \/>\n<meta name=\"twitter:card\" content=\"summary_large_image\" \/>\n<meta name=\"twitter:label1\" content=\"Dur\u00e9e de lecture estim\u00e9e\" \/>\n\t<meta name=\"twitter:data1\" content=\"1 minute\" \/>\n<script type=\"application\/ld+json\" class=\"yoast-schema-graph\">{\"@context\":\"https:\\\/\\\/schema.org\",\"@graph\":[{\"@type\":\"WebPage\",\"@id\":\"https:\\\/\\\/shop.tombotto.ch\\\/fr\\\/shop\\\/bracelets-tyvek-personnalise-impression-en-couleur-kopie\\\/\",\"url\":\"https:\\\/\\\/shop.tombotto.ch\\\/fr\\\/shop\\\/bracelets-tyvek-personnalise-impression-en-couleur-kopie\\\/\",\"name\":\"Bracelets d'entr\u00e9e Tyvek \u00e0 personnaliser: Impression en couleur\",\"isPartOf\":{\"@id\":\"https:\\\/\\\/shop.tombotto.ch\\\/fr\\\/#website\"},\"primaryImageOfPage\":{\"@id\":\"https:\\\/\\\/shop.tombotto.ch\\\/fr\\\/shop\\\/bracelets-tyvek-personnalise-impression-en-couleur-kopie\\\/#primaryimage\"},\"image\":{\"@id\":\"https:\\\/\\\/shop.tombotto.ch\\\/fr\\\/shop\\\/bracelets-tyvek-personnalise-impression-en-couleur-kopie\\\/#primaryimage\"},\"thumbnailUrl\":\"https:\\\/\\\/shop.tombotto.ch\\\/wp-content\\\/uploads\\\/2026\\\/04\\\/99408-25_01.jpg\",\"datePublished\":\"2026-04-17T12:26:29+00:00\",\"dateModified\":\"2026-04-28T11:29:02+00:00\",\"description\":\"Cr\u00e9ez vos bracelets d'entr\u00e9e directement et facilement gr\u00e2ce \u00e0 notre configurateur en ligne \u2713 Commande possible \u00e0 partir de 100 pi\u00e8ces \u2713 Livraison rapide \u2713 shop.tombotto.ch \u2713\",\"breadcrumb\":{\"@id\":\"https:\\\/\\\/shop.tombotto.ch\\\/fr\\\/shop\\\/bracelets-tyvek-personnalise-impression-en-couleur-kopie\\\/#breadcrumb\"},\"inLanguage\":\"fr-FR\",\"potentialAction\":[{\"@type\":\"ReadAction\",\"target\":[\"https:\\\/\\\/shop.tombotto.ch\\\/fr\\\/shop\\\/bracelets-tyvek-personnalise-impression-en-couleur-kopie\\\/\"]}]},{\"@type\":\"ImageObject\",\"inLanguage\":\"fr-FR\",\"@id\":\"https:\\\/\\\/shop.tombotto.ch\\\/fr\\\/shop\\\/bracelets-tyvek-personnalise-impression-en-couleur-kopie\\\/#primaryimage\",\"url\":\"https:\\\/\\\/shop.tombotto.ch\\\/wp-content\\\/uploads\\\/2026\\\/04\\\/99408-25_01.jpg\",\"contentUrl\":\"https:\\\/\\\/shop.tombotto.ch\\\/wp-content\\\/uploads\\\/2026\\\/04\\\/99408-25_01.jpg\",\"width\":800,\"height\":678},{\"@type\":\"BreadcrumbList\",\"@id\":\"https:\\\/\\\/shop.tombotto.ch\\\/fr\\\/shop\\\/bracelets-tyvek-personnalise-impression-en-couleur-kopie\\\/#breadcrumb\",\"itemListElement\":[{\"@type\":\"ListItem\",\"position\":1,\"name\":\"Start\",\"item\":\"https:\\\/\\\/shop.tombotto.ch\\\/fr\\\/\"},{\"@type\":\"ListItem\",\"position\":2,\"name\":\"Shop\",\"item\":\"https:\\\/\\\/shop.tombotto.ch\\\/fr\\\/shop\\\/\"},{\"@type\":\"ListItem\",\"position\":3,\"name\":\"Privat: Bracelets d\u2019entr\u00e9e Tyvek blancs 255 x 25 mm\u00e0 imprimer soi-m\u00eame\"}]},{\"@type\":\"WebSite\",\"@id\":\"https:\\\/\\\/shop.tombotto.ch\\\/fr\\\/#website\",\"url\":\"https:\\\/\\\/shop.tombotto.ch\\\/fr\\\/\",\"name\":\"Tombotto\",\"description\":\"Fest-, Event- &amp; Promotionsartikel\",\"publisher\":{\"@id\":\"https:\\\/\\\/shop.tombotto.ch\\\/fr\\\/#organization\"},\"potentialAction\":[{\"@type\":\"SearchAction\",\"target\":{\"@type\":\"EntryPoint\",\"urlTemplate\":\"https:\\\/\\\/shop.tombotto.ch\\\/fr\\\/?s={search_term_string}\"},\"query-input\":{\"@type\":\"PropertyValueSpecification\",\"valueRequired\":true,\"valueName\":\"search_term_string\"}}],\"inLanguage\":\"fr-FR\"},{\"@type\":\"Organization\",\"@id\":\"https:\\\/\\\/shop.tombotto.ch\\\/fr\\\/#organization\",\"name\":\"Tombotto\",\"url\":\"https:\\\/\\\/shop.tombotto.ch\\\/fr\\\/\",\"logo\":{\"@type\":\"ImageObject\",\"inLanguage\":\"fr-FR\",\"@id\":\"https:\\\/\\\/shop.tombotto.ch\\\/fr\\\/#\\\/schema\\\/logo\\\/image\\\/\",\"url\":\"https:\\\/\\\/shop.tombotto.ch\\\/wp-content\\\/uploads\\\/2023\\\/03\\\/logo.svg\",\"contentUrl\":\"https:\\\/\\\/shop.tombotto.ch\\\/wp-content\\\/uploads\\\/2023\\\/03\\\/logo.svg\",\"caption\":\"Tombotto\"},\"image\":{\"@id\":\"https:\\\/\\\/shop.tombotto.ch\\\/fr\\\/#\\\/schema\\\/logo\\\/image\\\/\"}}]}<\/script>\n<!-- \/ Yoast SEO Premium plugin. -->","yoast_head_json":{"title":"Bracelets d'entr\u00e9e Tyvek \u00e0 personnaliser: Impression en couleur","description":"Cr\u00e9ez vos bracelets d'entr\u00e9e directement et facilement gr\u00e2ce \u00e0 notre configurateur en ligne \u2713 Commande possible \u00e0 partir de 100 pi\u00e8ces \u2713 Livraison rapide \u2713 shop.tombotto.ch \u2713","robots":{"index":"index","follow":"follow","max-snippet":"max-snippet:-1","max-image-preview":"max-image-preview:large","max-video-preview":"max-video-preview:-1"},"canonical":"https:\/\/shop.tombotto.ch\/fr\/shop\/bracelets-tyvek-personnalise-impression-en-couleur-kopie\/","og_locale":"fr_FR","og_type":"article","og_title":"Bracelets d\u2019entr\u00e9e Tyvek blancs 255 x 25 mm\u00e0 imprimer soi-m\u00eame","og_description":"Cr\u00e9ez vos bracelets d'entr\u00e9e directement et facilement gr\u00e2ce \u00e0 notre configurateur en ligne \u2713 Commande possible \u00e0 partir de 100 pi\u00e8ces \u2713 Livraison rapide \u2713 shop.tombotto.ch \u2713","og_url":"https:\/\/shop.tombotto.ch\/fr\/shop\/bracelets-tyvek-personnalise-impression-en-couleur-kopie\/","og_site_name":"Tombotto","article_modified_time":"2026-04-28T11:29:02+00:00","og_image":[{"width":800,"height":678,"url":"https:\/\/shop.tombotto.ch\/wp-content\/uploads\/2026\/04\/99408-25_01.jpg","type":"image\/jpeg"}],"twitter_card":"summary_large_image","twitter_misc":{"Dur\u00e9e de lecture estim\u00e9e":"1 minute"},"schema":{"@context":"https:\/\/schema.org","@graph":[{"@type":"WebPage","@id":"https:\/\/shop.tombotto.ch\/fr\/shop\/bracelets-tyvek-personnalise-impression-en-couleur-kopie\/","url":"https:\/\/shop.tombotto.ch\/fr\/shop\/bracelets-tyvek-personnalise-impression-en-couleur-kopie\/","name":"Bracelets d'entr\u00e9e Tyvek \u00e0 personnaliser: Impression en couleur","isPartOf":{"@id":"https:\/\/shop.tombotto.ch\/fr\/#website"},"primaryImageOfPage":{"@id":"https:\/\/shop.tombotto.ch\/fr\/shop\/bracelets-tyvek-personnalise-impression-en-couleur-kopie\/#primaryimage"},"image":{"@id":"https:\/\/shop.tombotto.ch\/fr\/shop\/bracelets-tyvek-personnalise-impression-en-couleur-kopie\/#primaryimage"},"thumbnailUrl":"https:\/\/shop.tombotto.ch\/wp-content\/uploads\/2026\/04\/99408-25_01.jpg","datePublished":"2026-04-17T12:26:29+00:00","dateModified":"2026-04-28T11:29:02+00:00","description":"Cr\u00e9ez vos bracelets d'entr\u00e9e directement et facilement gr\u00e2ce \u00e0 notre configurateur en ligne \u2713 Commande possible \u00e0 partir de 100 pi\u00e8ces \u2713 Livraison rapide \u2713 shop.tombotto.ch \u2713","breadcrumb":{"@id":"https:\/\/shop.tombotto.ch\/fr\/shop\/bracelets-tyvek-personnalise-impression-en-couleur-kopie\/#breadcrumb"},"inLanguage":"fr-FR","potentialAction":[{"@type":"ReadAction","target":["https:\/\/shop.tombotto.ch\/fr\/shop\/bracelets-tyvek-personnalise-impression-en-couleur-kopie\/"]}]},{"@type":"ImageObject","inLanguage":"fr-FR","@id":"https:\/\/shop.tombotto.ch\/fr\/shop\/bracelets-tyvek-personnalise-impression-en-couleur-kopie\/#primaryimage","url":"https:\/\/shop.tombotto.ch\/wp-content\/uploads\/2026\/04\/99408-25_01.jpg","contentUrl":"https:\/\/shop.tombotto.ch\/wp-content\/uploads\/2026\/04\/99408-25_01.jpg","width":800,"height":678},{"@type":"BreadcrumbList","@id":"https:\/\/shop.tombotto.ch\/fr\/shop\/bracelets-tyvek-personnalise-impression-en-couleur-kopie\/#breadcrumb","itemListElement":[{"@type":"ListItem","position":1,"name":"Start","item":"https:\/\/shop.tombotto.ch\/fr\/"},{"@type":"ListItem","position":2,"name":"Shop","item":"https:\/\/shop.tombotto.ch\/fr\/shop\/"},{"@type":"ListItem","position":3,"name":"Privat: Bracelets d\u2019entr\u00e9e Tyvek blancs 255 x 25 mm\u00e0 imprimer soi-m\u00eame"}]},{"@type":"WebSite","@id":"https:\/\/shop.tombotto.ch\/fr\/#website","url":"https:\/\/shop.tombotto.ch\/fr\/","name":"Tombotto","description":"Fest-, Event- &amp; Promotionsartikel","publisher":{"@id":"https:\/\/shop.tombotto.ch\/fr\/#organization"},"potentialAction":[{"@type":"SearchAction","target":{"@type":"EntryPoint","urlTemplate":"https:\/\/shop.tombotto.ch\/fr\/?s={search_term_string}"},"query-input":{"@type":"PropertyValueSpecification","valueRequired":true,"valueName":"search_term_string"}}],"inLanguage":"fr-FR"},{"@type":"Organization","@id":"https:\/\/shop.tombotto.ch\/fr\/#organization","name":"Tombotto","url":"https:\/\/shop.tombotto.ch\/fr\/","logo":{"@type":"ImageObject","inLanguage":"fr-FR","@id":"https:\/\/shop.tombotto.ch\/fr\/#\/schema\/logo\/image\/","url":"https:\/\/shop.tombotto.ch\/wp-content\/uploads\/2023\/03\/logo.svg","contentUrl":"https:\/\/shop.tombotto.ch\/wp-content\/uploads\/2023\/03\/logo.svg","caption":"Tombotto"},"image":{"@id":"https:\/\/shop.tombotto.ch\/fr\/#\/schema\/logo\/image\/"}}]}},"tiered_pricing_type":"fixed","tiered_pricing_fixed_rules":{"500":"13.20","5000":"11.90","10000":"10.60"},"tiered_pricing_product_settings":{"layout":"default","base_unit_name":{"singular":null,"plural":null},"default_variation":null},"tiered_pricing_minimum_quantity":100,"tiered_pricing_roles_data":[],"tiered_pricing_percentage_rules":[],"tiered_pricing_maximum_quantity":null,"tiered_pricing_quantity_step":null,"_links":{"self":[{"href":"https:\/\/shop.tombotto.ch\/fr\/wp-json\/wp\/v2\/product\/66091","targetHints":{"allow":["GET"]}}],"collection":[{"href":"https:\/\/shop.tombotto.ch\/fr\/wp-json\/wp\/v2\/product"}],"about":[{"href":"https:\/\/shop.tombotto.ch\/fr\/wp-json\/wp\/v2\/types\/product"}],"wp:featuredmedia":[{"embeddable":true,"href":"https:\/\/shop.tombotto.ch\/fr\/wp-json\/wp\/v2\/media\/66153"}],"wp:attachment":[{"href":"https:\/\/shop.tombotto.ch\/fr\/wp-json\/wp\/v2\/media?parent=66091"}],"wp:term":[{"taxonomy":"product_brand","embeddable":true,"href":"https:\/\/shop.tombotto.ch\/fr\/wp-json\/wp\/v2\/product_brand?post=66091"},{"taxonomy":"product_cat","embeddable":true,"href":"https:\/\/shop.tombotto.ch\/fr\/wp-json\/wp\/v2\/product_cat?post=66091"},{"taxonomy":"product_tag","embeddable":true,"href":"https:\/\/shop.tombotto.ch\/fr\/wp-json\/wp\/v2\/product_tag?post=66091"}],"curies":[{"name":"wp","href":"https:\/\/api.w.org\/{rel}","templated":true}]}}