{"id":66898,"date":"2026-05-08T11:15:55","date_gmt":"2026-05-08T09:15:55","guid":{"rendered":"https:\/\/shop.tombotto.ch\/?post_type=product&#038;p=66898"},"modified":"2026-05-11T13:35:56","modified_gmt":"2026-05-11T11:35:56","slug":"carte-de-bons-a-personnaliser","status":"publish","type":"product","link":"https:\/\/shop.tombotto.ch\/fr\/shop\/carte-de-bons-a-personnaliser\/","title":{"rendered":"Carte de bons \u00e0 personnaliser: Impression noir"},"content":{"rendered":"<p>Cr\u00e9ez votre carte \u00e0 bons directement et facilement gr\u00e2ce \u00e0 notre configurateur en ligne!<\/p>\n<ul>\n<li>Carte \u00e0 bons<\/li>\n<li>Carte de bons<\/li>\n<li>20 bons\/coupons par carte<\/li>\n<li>Format de la carte 18 x 12 cm<\/li>\n<li>Coupon 3 x 3 cm<\/li>\n<li>Impression en noir selon votre texte \/ votre design<\/li>\n<li>Formats de fichiers pris en charge: JPEG, PNG et WebP<\/li>\n<li>Prix incluant les frais de base<\/li>\n<li>Tous les cartes sont de m\u00eame pression<\/li>\n<li>A partir de 10 pi\u00e8ces<\/li>\n<\/ul>\n<p><strong>Le d\u00e9lai de livraison est d&rsquo;environ deux semaines.<\/strong><\/p>\n<p>Pour des quantit\u00e9s plus importantes, veuillez demander un devis personnalis\u00e9.<\/p>\n","protected":false},"excerpt":{"rendered":"<p>Carte de 20 bons<br \/>Prix par carte<\/p>\n","protected":false},"featured_media":67049,"template":"","meta":{"_acf_changed":false,"inline_featured_image":false},"product_brand":[],"product_cat":[4618,5398],"product_tag":[],"class_list":{"0":"post-66898","1":"product","2":"type-product","3":"status-publish","4":"has-post-thumbnail","6":"product_cat-carte-de-bons","7":"product_cat-creer-soi-meme","9":"first","10":"instock","11":"taxable","12":"shipping-taxable","13":"purchasable","14":"product-type-variable"},"exclude_global_add_ons":[],"addons":[],"acf":[],"yoast_head":"<!-- This site is optimized with the Yoast SEO Premium plugin v27.4 (Yoast SEO v27.6) - https:\/\/yoast.com\/product\/yoast-seo-premium-wordpress\/ -->\n<title>Carte de bons \u00e0 personnaliser soi-m\u00eame - Tombotto<\/title>\n<meta name=\"description\" content=\"Carte de bons \u25b7 Imprim\u00e9e selon votre design \u2713 20 coupons par carte \u2713 Coupons de 3 x 3 cm \u2713 Large choix \u2713 tombotto gmbh \u27a8 Depuis 1993\" \/>\n<meta name=\"robots\" content=\"index, follow, max-snippet:-1, max-image-preview:large, max-video-preview:-1\" \/>\n<link rel=\"canonical\" href=\"https:\/\/shop.tombotto.ch\/fr\/shop\/carte-de-bons-a-personnaliser\/\" \/>\n<meta property=\"og:locale\" content=\"fr_FR\" \/>\n<meta property=\"og:type\" content=\"article\" \/>\n<meta property=\"og:title\" content=\"Carte de bons \u00e0 personnaliser: Impression noir\" \/>\n<meta property=\"og:description\" content=\"Carte de bons \u25b7 Imprim\u00e9e selon votre design \u2713 20 coupons par carte \u2713 Coupons de 3 x 3 cm \u2713 Large choix \u2713 tombotto gmbh \u27a8 Depuis 1993\" \/>\n<meta property=\"og:url\" content=\"https:\/\/shop.tombotto.ch\/fr\/shop\/carte-de-bons-a-personnaliser\/\" \/>\n<meta property=\"og:site_name\" content=\"Tombotto\" \/>\n<meta property=\"article:modified_time\" content=\"2026-05-11T11:35:56+00:00\" \/>\n<meta property=\"og:image\" content=\"https:\/\/shop.tombotto.ch\/wp-content\/uploads\/2026\/05\/Wertmarkenkarte.jpg\" \/>\n\t<meta property=\"og:image:width\" content=\"800\" \/>\n\t<meta property=\"og:image:height\" content=\"678\" \/>\n\t<meta property=\"og:image:type\" content=\"image\/jpeg\" \/>\n<meta name=\"twitter:card\" content=\"summary_large_image\" \/>\n<meta name=\"twitter:label1\" content=\"Dur\u00e9e de lecture estim\u00e9e\" \/>\n\t<meta name=\"twitter:data1\" content=\"1 minute\" \/>\n<script type=\"application\/ld+json\" class=\"yoast-schema-graph\">{\"@context\":\"https:\\\/\\\/schema.org\",\"@graph\":[{\"@type\":\"WebPage\",\"@id\":\"https:\\\/\\\/shop.tombotto.ch\\\/fr\\\/shop\\\/carte-de-bons-a-personnaliser\\\/\",\"url\":\"https:\\\/\\\/shop.tombotto.ch\\\/fr\\\/shop\\\/carte-de-bons-a-personnaliser\\\/\",\"name\":\"Carte de bons \u00e0 personnaliser soi-m\u00eame - Tombotto\",\"isPartOf\":{\"@id\":\"https:\\\/\\\/shop.tombotto.ch\\\/fr\\\/#website\"},\"primaryImageOfPage\":{\"@id\":\"https:\\\/\\\/shop.tombotto.ch\\\/fr\\\/shop\\\/carte-de-bons-a-personnaliser\\\/#primaryimage\"},\"image\":{\"@id\":\"https:\\\/\\\/shop.tombotto.ch\\\/fr\\\/shop\\\/carte-de-bons-a-personnaliser\\\/#primaryimage\"},\"thumbnailUrl\":\"https:\\\/\\\/shop.tombotto.ch\\\/wp-content\\\/uploads\\\/2026\\\/05\\\/Wertmarkenkarte.jpg\",\"datePublished\":\"2026-05-08T09:15:55+00:00\",\"dateModified\":\"2026-05-11T11:35:56+00:00\",\"description\":\"Carte de bons \u25b7 Imprim\u00e9e selon votre design \u2713 20 coupons par carte \u2713 Coupons de 3 x 3 cm \u2713 Large choix \u2713 tombotto gmbh \u27a8 Depuis 1993\",\"breadcrumb\":{\"@id\":\"https:\\\/\\\/shop.tombotto.ch\\\/fr\\\/shop\\\/carte-de-bons-a-personnaliser\\\/#breadcrumb\"},\"inLanguage\":\"fr-FR\",\"potentialAction\":[{\"@type\":\"ReadAction\",\"target\":[\"https:\\\/\\\/shop.tombotto.ch\\\/fr\\\/shop\\\/carte-de-bons-a-personnaliser\\\/\"]}]},{\"@type\":\"ImageObject\",\"inLanguage\":\"fr-FR\",\"@id\":\"https:\\\/\\\/shop.tombotto.ch\\\/fr\\\/shop\\\/carte-de-bons-a-personnaliser\\\/#primaryimage\",\"url\":\"https:\\\/\\\/shop.tombotto.ch\\\/wp-content\\\/uploads\\\/2026\\\/05\\\/Wertmarkenkarte.jpg\",\"contentUrl\":\"https:\\\/\\\/shop.tombotto.ch\\\/wp-content\\\/uploads\\\/2026\\\/05\\\/Wertmarkenkarte.jpg\",\"width\":800,\"height\":678},{\"@type\":\"BreadcrumbList\",\"@id\":\"https:\\\/\\\/shop.tombotto.ch\\\/fr\\\/shop\\\/carte-de-bons-a-personnaliser\\\/#breadcrumb\",\"itemListElement\":[{\"@type\":\"ListItem\",\"position\":1,\"name\":\"Start\",\"item\":\"https:\\\/\\\/shop.tombotto.ch\\\/fr\\\/\"},{\"@type\":\"ListItem\",\"position\":2,\"name\":\"Shop\",\"item\":\"https:\\\/\\\/shop.tombotto.ch\\\/fr\\\/shop\\\/\"},{\"@type\":\"ListItem\",\"position\":3,\"name\":\"Carte de bons \u00e0 personnaliser: Impression noir\"}]},{\"@type\":\"WebSite\",\"@id\":\"https:\\\/\\\/shop.tombotto.ch\\\/fr\\\/#website\",\"url\":\"https:\\\/\\\/shop.tombotto.ch\\\/fr\\\/\",\"name\":\"Tombotto\",\"description\":\"Fest-, Event- &amp; Promotionsartikel\",\"publisher\":{\"@id\":\"https:\\\/\\\/shop.tombotto.ch\\\/fr\\\/#organization\"},\"potentialAction\":[{\"@type\":\"SearchAction\",\"target\":{\"@type\":\"EntryPoint\",\"urlTemplate\":\"https:\\\/\\\/shop.tombotto.ch\\\/fr\\\/?s={search_term_string}\"},\"query-input\":{\"@type\":\"PropertyValueSpecification\",\"valueRequired\":true,\"valueName\":\"search_term_string\"}}],\"inLanguage\":\"fr-FR\"},{\"@type\":\"Organization\",\"@id\":\"https:\\\/\\\/shop.tombotto.ch\\\/fr\\\/#organization\",\"name\":\"Tombotto\",\"url\":\"https:\\\/\\\/shop.tombotto.ch\\\/fr\\\/\",\"logo\":{\"@type\":\"ImageObject\",\"inLanguage\":\"fr-FR\",\"@id\":\"https:\\\/\\\/shop.tombotto.ch\\\/fr\\\/#\\\/schema\\\/logo\\\/image\\\/\",\"url\":\"https:\\\/\\\/shop.tombotto.ch\\\/wp-content\\\/uploads\\\/2023\\\/03\\\/logo.svg\",\"contentUrl\":\"https:\\\/\\\/shop.tombotto.ch\\\/wp-content\\\/uploads\\\/2023\\\/03\\\/logo.svg\",\"caption\":\"Tombotto\"},\"image\":{\"@id\":\"https:\\\/\\\/shop.tombotto.ch\\\/fr\\\/#\\\/schema\\\/logo\\\/image\\\/\"}}]}<\/script>\n<!-- \/ Yoast SEO Premium plugin. -->","yoast_head_json":{"title":"Carte de bons \u00e0 personnaliser soi-m\u00eame - Tombotto","description":"Carte de bons \u25b7 Imprim\u00e9e selon votre design \u2713 20 coupons par carte \u2713 Coupons de 3 x 3 cm \u2713 Large choix \u2713 tombotto gmbh \u27a8 Depuis 1993","robots":{"index":"index","follow":"follow","max-snippet":"max-snippet:-1","max-image-preview":"max-image-preview:large","max-video-preview":"max-video-preview:-1"},"canonical":"https:\/\/shop.tombotto.ch\/fr\/shop\/carte-de-bons-a-personnaliser\/","og_locale":"fr_FR","og_type":"article","og_title":"Carte de bons \u00e0 personnaliser: Impression noir","og_description":"Carte de bons \u25b7 Imprim\u00e9e selon votre design \u2713 20 coupons par carte \u2713 Coupons de 3 x 3 cm \u2713 Large choix \u2713 tombotto gmbh \u27a8 Depuis 1993","og_url":"https:\/\/shop.tombotto.ch\/fr\/shop\/carte-de-bons-a-personnaliser\/","og_site_name":"Tombotto","article_modified_time":"2026-05-11T11:35:56+00:00","og_image":[{"width":800,"height":678,"url":"https:\/\/shop.tombotto.ch\/wp-content\/uploads\/2026\/05\/Wertmarkenkarte.jpg","type":"image\/jpeg"}],"twitter_card":"summary_large_image","twitter_misc":{"Dur\u00e9e de lecture estim\u00e9e":"1 minute"},"schema":{"@context":"https:\/\/schema.org","@graph":[{"@type":"WebPage","@id":"https:\/\/shop.tombotto.ch\/fr\/shop\/carte-de-bons-a-personnaliser\/","url":"https:\/\/shop.tombotto.ch\/fr\/shop\/carte-de-bons-a-personnaliser\/","name":"Carte de bons \u00e0 personnaliser soi-m\u00eame - Tombotto","isPartOf":{"@id":"https:\/\/shop.tombotto.ch\/fr\/#website"},"primaryImageOfPage":{"@id":"https:\/\/shop.tombotto.ch\/fr\/shop\/carte-de-bons-a-personnaliser\/#primaryimage"},"image":{"@id":"https:\/\/shop.tombotto.ch\/fr\/shop\/carte-de-bons-a-personnaliser\/#primaryimage"},"thumbnailUrl":"https:\/\/shop.tombotto.ch\/wp-content\/uploads\/2026\/05\/Wertmarkenkarte.jpg","datePublished":"2026-05-08T09:15:55+00:00","dateModified":"2026-05-11T11:35:56+00:00","description":"Carte de bons \u25b7 Imprim\u00e9e selon votre design \u2713 20 coupons par carte \u2713 Coupons de 3 x 3 cm \u2713 Large choix \u2713 tombotto gmbh \u27a8 Depuis 1993","breadcrumb":{"@id":"https:\/\/shop.tombotto.ch\/fr\/shop\/carte-de-bons-a-personnaliser\/#breadcrumb"},"inLanguage":"fr-FR","potentialAction":[{"@type":"ReadAction","target":["https:\/\/shop.tombotto.ch\/fr\/shop\/carte-de-bons-a-personnaliser\/"]}]},{"@type":"ImageObject","inLanguage":"fr-FR","@id":"https:\/\/shop.tombotto.ch\/fr\/shop\/carte-de-bons-a-personnaliser\/#primaryimage","url":"https:\/\/shop.tombotto.ch\/wp-content\/uploads\/2026\/05\/Wertmarkenkarte.jpg","contentUrl":"https:\/\/shop.tombotto.ch\/wp-content\/uploads\/2026\/05\/Wertmarkenkarte.jpg","width":800,"height":678},{"@type":"BreadcrumbList","@id":"https:\/\/shop.tombotto.ch\/fr\/shop\/carte-de-bons-a-personnaliser\/#breadcrumb","itemListElement":[{"@type":"ListItem","position":1,"name":"Start","item":"https:\/\/shop.tombotto.ch\/fr\/"},{"@type":"ListItem","position":2,"name":"Shop","item":"https:\/\/shop.tombotto.ch\/fr\/shop\/"},{"@type":"ListItem","position":3,"name":"Carte de bons \u00e0 personnaliser: Impression noir"}]},{"@type":"WebSite","@id":"https:\/\/shop.tombotto.ch\/fr\/#website","url":"https:\/\/shop.tombotto.ch\/fr\/","name":"Tombotto","description":"Fest-, Event- &amp; Promotionsartikel","publisher":{"@id":"https:\/\/shop.tombotto.ch\/fr\/#organization"},"potentialAction":[{"@type":"SearchAction","target":{"@type":"EntryPoint","urlTemplate":"https:\/\/shop.tombotto.ch\/fr\/?s={search_term_string}"},"query-input":{"@type":"PropertyValueSpecification","valueRequired":true,"valueName":"search_term_string"}}],"inLanguage":"fr-FR"},{"@type":"Organization","@id":"https:\/\/shop.tombotto.ch\/fr\/#organization","name":"Tombotto","url":"https:\/\/shop.tombotto.ch\/fr\/","logo":{"@type":"ImageObject","inLanguage":"fr-FR","@id":"https:\/\/shop.tombotto.ch\/fr\/#\/schema\/logo\/image\/","url":"https:\/\/shop.tombotto.ch\/wp-content\/uploads\/2023\/03\/logo.svg","contentUrl":"https:\/\/shop.tombotto.ch\/wp-content\/uploads\/2023\/03\/logo.svg","caption":"Tombotto"},"image":{"@id":"https:\/\/shop.tombotto.ch\/fr\/#\/schema\/logo\/image\/"}}]}},"tiered_pricing_type":"fixed","tiered_pricing_fixed_rules":{"25":"3.00","50":"2.30","100":"2.00","250":"1.80"},"tiered_pricing_product_settings":{"layout":"default","base_unit_name":{"singular":null,"plural":null},"default_variation":null},"tiered_pricing_minimum_quantity":10,"tiered_pricing_roles_data":[],"tiered_pricing_percentage_rules":[],"tiered_pricing_maximum_quantity":null,"tiered_pricing_quantity_step":null,"_links":{"self":[{"href":"https:\/\/shop.tombotto.ch\/fr\/wp-json\/wp\/v2\/product\/66898","targetHints":{"allow":["GET"]}}],"collection":[{"href":"https:\/\/shop.tombotto.ch\/fr\/wp-json\/wp\/v2\/product"}],"about":[{"href":"https:\/\/shop.tombotto.ch\/fr\/wp-json\/wp\/v2\/types\/product"}],"wp:featuredmedia":[{"embeddable":true,"href":"https:\/\/shop.tombotto.ch\/fr\/wp-json\/wp\/v2\/media\/67049"}],"wp:attachment":[{"href":"https:\/\/shop.tombotto.ch\/fr\/wp-json\/wp\/v2\/media?parent=66898"}],"wp:term":[{"taxonomy":"product_brand","embeddable":true,"href":"https:\/\/shop.tombotto.ch\/fr\/wp-json\/wp\/v2\/product_brand?post=66898"},{"taxonomy":"product_cat","embeddable":true,"href":"https:\/\/shop.tombotto.ch\/fr\/wp-json\/wp\/v2\/product_cat?post=66898"},{"taxonomy":"product_tag","embeddable":true,"href":"https:\/\/shop.tombotto.ch\/fr\/wp-json\/wp\/v2\/product_tag?post=66898"}],"curies":[{"name":"wp","href":"https:\/\/api.w.org\/{rel}","templated":true}]}}